{"id":44000,"date":"2014-01-21T17:56:44","date_gmt":"2014-01-21T20:56:44","guid":{"rendered":"http:\/\/www.onordeste.com.br\/?page_id=44000"},"modified":"2014-01-21T17:56:44","modified_gmt":"2014-01-21T20:56:44","slug":"jornais-do-dia","status":"publish","type":"page","link":"https:\/\/iparaiba.com.br\/index.php\/jornais-do-dia\/","title":{"rendered":"Jornais"},"content":{"rendered":"<table style=\"font-family: 'Times New Roman'; letter-spacing: normal; orphans: auto; text-indent: 0px; text-transform: none; widows: auto; word-spacing: 0px; -webkit-text-stroke-width: 0px; background-color: #ffffff;\" width=\"223\" border=\"0\" cellspacing=\"0\" cellpadding=\"0\">\n<tbody>\n<tr>\n<td width=\"223\" height=\"18\"><a style=\"text-decoration: none; color: #00000a;\" href=\"http:\/\/www.valoronline.com.br\/\"><br \/>\n<span style=\"font-family: Arial; font-size: small;\">Valor Econ\u00f4mico<\/span><\/a><\/td>\n<\/tr>\n<tr>\n<td width=\"223\" height=\"18\"><a style=\"text-decoration: none; color: #00000a;\" href=\"http:\/\/www.estaminas.com.br\/\"><br \/>\n<span style=\"font-family: Arial; font-size: small;\">Estado de Minas<\/span><\/a><\/td>\n<\/tr>\n<tr>\n<td width=\"223\" height=\"18\"><span style=\"font-family: Arial; font-size: small;\"><br \/>\n<a style=\"text-decoration: none; color: #00000a;\" href=\"http:\/\/www.uol.com.br\/folha\/\">Folha de S\u00e3o Paulo<\/a><\/span><\/td>\n<\/tr>\n<tr>\n<td width=\"223\" height=\"18\"><a style=\"text-decoration: none; color: #00000a;\" href=\"http:\/\/www.jb.com.br\/\"><br \/>\n<span style=\"font-family: Arial; font-size: small;\">Jornal do Brasil<\/span><\/a><\/td>\n<\/tr>\n<tr>\n<td width=\"223\" height=\"18\"><a style=\"text-decoration: none; color: #00000a;\" href=\"http:\/\/www.estado.com.br\/ultimas\/\"><br \/>\n<span style=\"font-family: Arial; font-size: small;\">O Estado de S\u00e3o Paulo<\/span><\/a><\/td>\n<\/tr>\n<tr>\n<td width=\"223\" height=\"18\"><a style=\"text-decoration: none; color: #00000a;\" href=\"http:\/\/www.gazetadopovo.com.br\/\"><br \/>\n<span style=\"font-family: Arial; font-size: small;\">Gazeta do Povo<\/span><\/a><\/td>\n<\/tr>\n<tr>\n<td width=\"223\" height=\"1\"><a style=\"text-decoration: none; color: #00000a;\" href=\"http:\/\/cnnemportugues.com\/\"><br \/>\n<span style=\"font-family: Arial; font-size: small;\">CNN<\/span><\/a><\/td>\n<\/tr>\n<\/tbody>\n<\/table>\n","protected":false},"excerpt":{"rendered":"<p>Valor Econ\u00f4mico Estado de Minas Folha de S\u00e3o Paulo Jornal do Brasil O Estado de S\u00e3o Paulo Gazeta do Povo CNN<\/p>\n","protected":false},"author":2,"featured_media":0,"parent":0,"menu_order":0,"comment_status":"open","ping_status":"open","template":"","meta":{"footnotes":""},"class_list":["post-44000","page","type-page","status-publish","has-post-thumbnail","hentry"],"_links":{"self":[{"href":"https:\/\/iparaiba.com.br\/index.php\/wp-json\/wp\/v2\/pages\/44000","targetHints":{"allow":["GET"]}}],"collection":[{"href":"https:\/\/iparaiba.com.br\/index.php\/wp-json\/wp\/v2\/pages"}],"about":[{"href":"https:\/\/iparaiba.com.br\/index.php\/wp-json\/wp\/v2\/types\/page"}],"author":[{"embeddable":true,"href":"https:\/\/iparaiba.com.br\/index.php\/wp-json\/wp\/v2\/users\/2"}],"replies":[{"embeddable":true,"href":"https:\/\/iparaiba.com.br\/index.php\/wp-json\/wp\/v2\/comments?post=44000"}],"version-history":[{"count":0,"href":"https:\/\/iparaiba.com.br\/index.php\/wp-json\/wp\/v2\/pages\/44000\/revisions"}],"wp:attachment":[{"href":"https:\/\/iparaiba.com.br\/index.php\/wp-json\/wp\/v2\/media?parent=44000"}],"curies":[{"name":"wp","href":"https:\/\/api.w.org\/{rel}","templated":true}]}}